{"id":2325,"date":"2026-02-11T18:17:05","date_gmt":"2026-02-11T17:17:05","guid":{"rendered":"https:\/\/www.fgudipartimentouniversita.org\/portale\/?page_id=2325"},"modified":"2026-03-31T04:43:20","modified_gmt":"2026-03-31T02:43:20","slug":"la-nostra-storia","status":"publish","type":"page","link":"https:\/\/www.fgudipartimentouniversita.org\/portale\/la-nostra-storia\/","title":{"rendered":"La nostra storia"},"content":{"rendered":"\n<p><\/p>\n\n\n\n<p><strong>Premessa<\/strong><\/p>\n\n\n\n<p>Il sindacato FGU Gilda Unams \u2013 Dipartimento Universit\u00e0 \u2013 precedentemente noto con la sigla Csa della Cisal Universit\u00e0 e aderente alla Confederazione CISAL dal 1992 al 2016, opera come sindacato autonomo con rappresentativit\u00e0 a livello nazionale da sempre, e tale posizione consente &nbsp;pertanto la partecipazione ai tavoli di contrattazione integrativa presso i 52 Atenei in cui \u00e8 presente.<\/p>\n\n\n\n<p>A seguito dell\u2019accordo tra Governo e i principali sindacati maggiormente rappresentativi del 2016, che ha ridefinito i comparti di contrattazione riducendoli da undici a quattro, si \u00e8 realizzato un notevole accorpamento delle aree interessate dai rinnovi contrattuali nel pubblico impiego. Il comparto Universit\u00e0 \u00e8 stato cos\u00ec unito a quelli della Scuola, dell\u2019AFAM e della Ricerca, dando vita al nuovo unico grande comparto denominato &#8216;<strong>Istruzione e Ricerca<\/strong>&#8216;.<\/p>\n\n\n\n<p>Questi mutamenti associativi hanno interessato anche la nostra organizzazione sindacale che dalla CISAL \u00e8 confluita nella <strong>FGU<\/strong> (Federazione GILDA-Unams). Desideriamo evidenziare che il sindacato che rappresentiamo, sia in passato che nel presente, mantiene una posizione indipendente, apartitica e libera da ogni influenza politica, ponendo sempre al centro l&#8217;interesse dei lavoratori e degli utenti dell\u2019Universit\u00e0. L&#8217;attivit\u00e0 sindacale  si svolge senza alcuna adesione a schemi ideologici o partitici, orientando le proprie azioni esclusivamente verso la soluzione delle problematiche economiche e lavorative. Inoltre, riconosciamo che l\u2019Universit\u00e0 deve rispondere alle esigenze degli studenti e delle famiglie che affidano alla nostra istituzione universitaria il percorso formativo, garantendo attenzione costante e supporto nell\u2019ambito della crescita personale e sociale.<\/p>\n\n\n\n<p><strong>La fondazione e l\u2019evoluzione del sindacato \u201cChi siamo e da dove veniamo\u2019\u2019<\/strong><\/p>\n\n\n\n<p>A cavallo degli anni 80-90 una parte del personale delle Universit\u00e0 Italiane era rappresentato dalla Confederazione CISAL ma&nbsp; il moltiplicarsi&nbsp; di richieste di associazione da parte di molte sedi universitarie, e la particolare &nbsp;peculiarit\u00e0 delle materie da trattare, in ambito&nbsp; di contrattazione&nbsp; decentrata, &nbsp;fecero s\u00ec che si costituisse&nbsp; in modo organico e autonomo, sotto il profilo organizzativo e di gestione della rappresentativit\u00e0 del comparto e delle sue problematiche, una nuova Federazione affiliata alla CISAL (Confederazione Italiana Sindacati Autonomi Lavoratori) che prese il nome di CISAL Universit\u00e0 (come accennato in premessa). Il fondatore, <strong>Sergio Cappellini<\/strong> di Padova, avvert\u00ec la necessit\u00e0 di istituire una forza sindacale alternativa a Cgil-Cisl-Uil, nella convinzione di poter tutelare in modo pi\u00f9 adeguato, perch\u00e9 non rispondente alle logiche dei poteri forti, i diritti dei lavoratori e delle lavoratrici delle Universit\u00e0. &nbsp;<\/p>\n\n\n\n<p class=\"has-text-align-left\">Il primo nucleo sindacale si svilupp\u00f2 presso la storica sede di Padova, dove risiedeva Cappellini, eletto primo Segretario Generale Nazionale della Cisal Universit\u00e0 durante il congresso nazionale tenutosi a Roma nel 1993. Nel corso dei suoi due mandati, la Federazione registr\u00f2 una crescita significativa, con l\u2019avvio della CISAL Universit\u00e0 nelle sedi universitarie storiche di Napoli, Messina e Cosenza. L\u2019attivit\u00e0 principale di questa nuova Federazione consisteva nell\u2019assicurare un\u2019informazione accurata ai lavoratori e alle lavoratrici, nonch\u00e9 nell\u2019essere un sindacato attivo e propositivo nei tavoli di contrattazione, con l\u2019obiettivo di offrire soluzioni alle problematiche del personale tecnico-amministrativo delle universit\u00e0 e dei policlinici universitari.<\/p>\n\n\n\n<p>Il suo successore, <strong>Giovanni Liccardo<\/strong> \u2013 di Napoli, durante i suoi due mandati di &nbsp;Segretario Generale Nazionale, diede anch\u2019Egli alla Federazione un notevole contributo; riusc\u00ec nel marzo del 1998, a raggruppare sotto una unica sigla denominata \u2018\u2019Coordinamento Sindacale Autonomo\u2019\u2019 il suo acronimo (<strong>CSA<\/strong>), altri sindacati autonomi, oltre alla stessa Cisal Universit\u00e0. Infatti, al CSA aderirono la Cisas Universit\u00e0, il Confail-Failel-Unsiau,&nbsp;il Confill Universit\u00e0 \u2013 il Cusal, Usspi-Tecstat, Unionquadri), \u201ctutti sindacati rappresentanti del personale del Comparto Universit\u00e0\u201d, e Giovanni Liccardo fu confermato in qualit\u00e0 di Segretario Generale Nazionale anche per il CSA.<\/p>\n\n\n\n<p>Nel 2002 <strong>Filippo Porcelli<\/strong> di Palermo, subentr\u00f2 a Liccardo e durante il periodo del suo mandato, &nbsp;la Cisal Universit\u00e0 ebbe un ulteriore impulso con l\u2019ingresso del sindacato nelle sedi universitarie di Palermo, Catania e Sassari. &nbsp;<\/p>\n\n\n\n<p>Nel 2005, <strong>Arturo Maullu<\/strong> di Cagliari fu eletto Segretario Generale. Durante il primo quadriennio del suo mandato, introdusse nuova linfa tra i quadri dirigenti e promosse l&#8217;apertura di ulteriori sedi. Inoltre, defin\u00ec un accordo con le sigle autonome afferenti al CSA, formalizzato dallo Statuto del settembre 2007, che prevedeva il trasferimento della titolarit\u00e0 delle deleghe dal &#8220;CSA&#8221; al &#8220;CSA della Cisal Universit\u00e0&#8221;. Di conseguenza, le sigle appartenenti al &#8220;CSA&#8221; furono eliminate, poich\u00e9 da quella data i rispettivi iscritti e dirigenti sindacali divennero parte integrante del &#8220;CSA della Cisal Universit\u00e0&#8221;.<\/p>\n\n\n\n<p>Maullu, gi\u00e0 Segretario Generale del CSA della Cisal Universit\u00e0, \u00e8 stato riconfermato nei successivi congressi nazionali e ha mantenuto l&#8217;incarico fino al novembre 2025 come Segretario Generale del Dipartimento Universit\u00e0 FGU GILDA. Al termine del suo lungo mandato, volto a favorire il rinnovamento degli organi statutari necessari per il rilancio dell&#8217;attivit\u00e0 sindacale, il ruolo \u00e8 stato affidato a <strong>Michele Poliseno<\/strong> di Bari, eletto Segretario Generale nel 3\u00b0 Congresso Nazionale FGU Dipartimento Universit\u00e0 a novembre 2025.<\/p>\n\n\n\n<p>Nel corso degli anni, Arturo Maullu ha contribuito in modo rilevante alla crescita della visibilit\u00e0 della Federazione. Nel periodo del suo mandato ventennale sono state inaugurate numerose sedi su tutto il territorio nazionale; tra le pi\u00f9 significative per numero di iscritti si annoverano Bari e Catania. La sua leadership ha lasciato un&#8217;importante impronta nella storia del nostro Sindacato rappresentativo in 52 realt\u00e0 universitarie, come attestato dai risultati conseguiti in tutte le votazioni nazionali delle RSU, dove \u00e8 stata sempre superata la fatidica soglia del 5%. <\/p>\n\n\n\n<p>Maullu, Cappellini, Liccardo e Porcelli hanno avuto sempre come primo obiettivo,&nbsp; rappresentare un sindacato che non fosse la cinghia di trasmissione di alcun partito, e che potesse agire in piena autonomia attraverso una politica sindacale, \u201cfuori dal coro\u201d, a volte anche in forte contrasto con le altre Organizzazioni Sindacali Confederali, ma sempre nell\u2019interesse dei lavoratori e delle lavoratrici delle universit\u00e0, attraverso un confronto aperto e leale sia con le altre OO.SS. che con le Amministrazioni Universitarie, nell\u2019ambito di una civile dialettica sindacale. <\/p>\n\n\n\n<p>Queste persone hanno rappresentato, ieri, come oggi, un sindacato che si facesse riconoscere come sigla, tra i colleghi e le colleghe, in maniera affidabile e credibile, un sindacato coerente e propositivo, che non consentisse ad alcuno di essere il trampolino di lancio per possibili carriere politiche, cos\u00ec come avviene purtroppo sempre pi\u00f9 spesso, tra le fila di dirigenti di certe OO.SS.\u00c8 giusto sottolineare che questa politica, portata avanti in modo costante nel tempo, ha permesso di tener fuori dalla Federazione arrivisti e carrieristi che avrebbero potuto utilizzare l\u2019organizzazione sindacale per scopi diversi da quelli statutari. <\/p>\n\n\n\n<p>Con questi brevi cenni di storia si \u00e8 voluto, in sintesi, rendere noto quali sono state le &nbsp;motivazioni che hanno permesso la nascita e come si \u00e8 sviluppato sul territorio, il sindacato di cui facciamo parte,&nbsp;il suo lungo percorso che non tutti conoscono, &nbsp;certamente non i pi\u00f9 giovani e coloro che si sono uniti a noi in questi ultimi anni. Per tutti noi, e per coloro che ci seguiranno in questo cammino, abbiamo voluto giustamente menzionare in queste righe le persone che con la loro guida hanno contribuito maggiormente all\u2019evoluzione della nostra Federazione.<\/p>\n\n\n\n<p>Pur non essendo riportati in queste pagine, non si devono dimenticare i tanti colleghi e colleghe che, durante questo lungo percorso sindacale, hanno fatto parte dei quadri, ieri, come oggi, perseguendo, se non migliorando, la strada gi\u00e0 tracciata da altri, con la stessa passione, dedizione e tanto sacrificio, come di coloro che li hanno preceduti, \u201crubando\u201d parte del proprio tempo, al fine di tutelare, nel migliore dei modi, gli interessi dei lavoratori e delle lavoratrici che si sono affidati a loro. Le persone che a costoro seguiranno, porteranno certamente, a loro volta, altrettanto lustro al nostro sindacato. Il futuro&nbsp;della Federazione non potr\u00e0 che essere roseo perch\u00e9, ancora una volta, affidato in buone mani.<\/p>\n\n\n\n<p>Gennaio 2026<\/p>\n\n\n\n<p><em>A cura di Manrico Giordano<\/em>  &#8211; <em>Dipartimento Universit\u00e0 \u2013 FGU GILDA Unams<\/em><\/p>\n\n\n\n<p><\/p>\n","protected":false},"excerpt":{"rendered":"<p>Premessa Il sindacato FGU Gilda Unams \u2013 Dipartimento Universit\u00e0 \u2013 precedentemente noto con la sigla Csa della Cisal<\/p>\n","protected":false},"author":1,"featured_media":0,"parent":0,"menu_order":0,"comment_status":"closed","ping_status":"closed","template":"","meta":{"footnotes":""},"class_list":["post-2325","page","type-page","status-publish","hentry"],"_links":{"self":[{"href":"https:\/\/www.fgudipartimentouniversita.org\/portale\/wp-json\/wp\/v2\/pages\/2325","targetHints":{"allow":["GET"]}}],"collection":[{"href":"https:\/\/www.fgudipartimentouniversita.org\/portale\/wp-json\/wp\/v2\/pages"}],"about":[{"href":"https:\/\/www.fgudipartimentouniversita.org\/portale\/wp-json\/wp\/v2\/types\/page"}],"author":[{"embeddable":true,"href":"https:\/\/www.fgudipartimentouniversita.org\/portale\/wp-json\/wp\/v2\/users\/1"}],"replies":[{"embeddable":true,"href":"https:\/\/www.fgudipartimentouniversita.org\/portale\/wp-json\/wp\/v2\/comments?post=2325"}],"version-history":[{"count":8,"href":"https:\/\/www.fgudipartimentouniversita.org\/portale\/wp-json\/wp\/v2\/pages\/2325\/revisions"}],"predecessor-version":[{"id":4236,"href":"https:\/\/www.fgudipartimentouniversita.org\/portale\/wp-json\/wp\/v2\/pages\/2325\/revisions\/4236"}],"wp:attachment":[{"href":"https:\/\/www.fgudipartimentouniversita.org\/portale\/wp-json\/wp\/v2\/media?parent=2325"}],"curies":[{"name":"wp","href":"https:\/\/api.w.org\/{rel}","templated":true}]}}